{"id":136,"date":"2018-11-03T21:37:12","date_gmt":"2018-11-03T20:37:12","guid":{"rendered":"https:\/\/www.zur-linde-schmalenberg.de\/?page_id=136"},"modified":"2025-08-09T14:33:55","modified_gmt":"2025-08-09T12:33:55","slug":"vegetarisch","status":"publish","type":"page","link":"https:\/\/www.zur-linde-schmalenberg.de\/?page_id=136","title":{"rendered":"Vegetarisch"},"content":{"rendered":"<table style=\"width: 482px; height: 934px;\" border=\"0\" width=\"479\" cellpadding=\"10\">\n<tbody>\n<tr style=\"height: 34px;\">\n<td style=\"width: 72.5838%; height: 34px;\"><\/td>\n<td style=\"width: 25.8383%; height: 34px;\">\n<div align=\"right\"><\/div>\n<\/td>\n<\/tr>\n<tr style=\"height: 22px;\">\n<td style=\"width: 72.5838%; height: 10px;\"><\/td>\n<td style=\"width: 25.8383%; height: 10px;\">\n<div align=\"right\"><\/div>\n<\/td>\n<\/tr>\n<tr style=\"height: 22px;\">\n<td style=\"width: 72.5838%; height: 15px;\"><\/td>\n<td style=\"width: 25.8383%; height: 15px;\"><\/td>\n<\/tr>\n<tr style=\"height: 44px;\">\n<td style=\"width: 72.5838%; height: 22px;\"><\/td>\n<td style=\"width: 25.8383%; height: 22px;\">\n<div align=\"right\"><\/div>\n<\/td>\n<\/tr>\n<tr style=\"height: 22px;\">\n<td style=\"width: 72.5838%; height: 22px;\"><\/td>\n<td style=\"width: 25.8383%; height: 22px;\">\n<div align=\"right\"><\/div>\n<\/td>\n<\/tr>\n<tr style=\"height: 22px;\">\n<td style=\"width: 72.5838%; height: 22px;\"><\/td>\n<td style=\"width: 25.8383%; height: 22px;\"><\/td>\n<\/tr>\n<tr style=\"height: 66px;\">\n<td style=\"width: 72.5838%; height: 23px;\"><\/td>\n<td style=\"width: 25.8383%; height: 23px;\">\n<div align=\"right\"><\/div>\n<\/td>\n<\/tr>\n<tr style=\"height: 22px;\">\n<td style=\"width: 72.5838%; height: 10px;\"><\/td>\n<td style=\"width: 25.8383%; height: 10px;\">\n<div align=\"right\"><\/div>\n<\/td>\n<\/tr>\n<tr style=\"height: 22px;\">\n<td style=\"width: 72.5838%; height: 10px;\"><span style=\"font-size: 14pt;\"><strong><br \/>\n<span style=\"font-size: 18pt;\">Fleischlos<\/span><\/strong><\/span><\/td>\n<td style=\"width: 25.8383%; height: 10px;\">\n<div align=\"right\"><\/div>\n<\/td>\n<\/tr>\n<tr style=\"height: 10px;\">\n<td style=\"width: 72.5838%; height: 10px;\"><span style=\"font-size: 14pt;\"><strong>\u00a0<\/strong><\/span><\/td>\n<td style=\"width: 25.8383%; height: 10px;\">\n<div align=\"right\"><\/div>\n<\/td>\n<\/tr>\n<tr style=\"height: 15px;\">\n<td style=\"width: 72.5838%; height: 15px;\"><span style=\"font-size: 14pt;\"><strong>Kartoffelr\u00f6sti\u00b4s<\/strong><\/span><\/td>\n<td style=\"width: 25.8383%; height: 15px;\">\n<div align=\"right\">\u20ac 15,50<\/div>\n<\/td>\n<\/tr>\n<tr style=\"height: 54px;\">\n<td style=\"width: 72.5838%; height: 54px;\">mit Tomaten, Kr\u00e4utern de Provence und Goudak\u00e4se gratiniert, dazu einen Salatteller<strong><span style=\"font-size: 14pt;\"><br \/>\n<\/span><\/strong><\/td>\n<td style=\"width: 25.8383%; height: 54px;\">\n<div align=\"right\"><\/div>\n<\/td>\n<\/tr>\n<tr style=\"height: 10px;\">\n<td style=\"width: 72.5838%; height: 10px;\"><\/td>\n<td style=\"width: 25.8383%; height: 10px;\">\n<div align=\"right\"><\/div>\n<\/td>\n<\/tr>\n<tr style=\"height: 29px;\">\n<td style=\"width: 72.5838%; height: 29px;\"><strong><span style=\"font-size: 14pt;\">K\u00e4sesp\u00e4tzle<\/span><\/strong><span style=\"font-size: 12pt;\"><br \/>\n<\/span><\/td>\n<td style=\"width: 25.8383%; height: 29px;\">\n<div align=\"right\">\u20ac 13,80<\/div>\n<\/td>\n<\/tr>\n<tr style=\"height: 27px;\">\n<td style=\"width: 72.5838%; height: 27px;\">im T\u00f6pfchen serviert, dazu einen Salat<\/td>\n<td style=\"width: 25.8383%; height: 27px;\">\n<div align=\"right\"><\/div>\n<\/td>\n<\/tr>\n<tr style=\"height: 27px;\">\n<td style=\"width: 72.5838%; height: 27px;\"><\/td>\n<td style=\"width: 25.8383%; height: 27px;\">\n<div align=\"right\"><\/div>\n<\/td>\n<\/tr>\n<\/tbody>\n<\/table>\n","protected":false},"excerpt":{"rendered":"<p>Fleischlos \u00a0 Kartoffelr\u00f6sti\u00b4s \u20ac 15,50 mit Tomaten, Kr\u00e4utern de Provence und Goudak\u00e4se gratiniert, dazu einen Salatteller K\u00e4sesp\u00e4tzle \u20ac 13,80 im T\u00f6pfchen serviert, dazu einen Salat<\/p>\n","protected":false},"author":1,"featured_media":0,"parent":0,"menu_order":0,"comment_status":"closed","ping_status":"closed","template":"","meta":[],"class_list":["post-136","page","type-page","status-publish","hentry","description-off"],"_links":{"self":[{"href":"https:\/\/www.zur-linde-schmalenberg.de\/index.php?rest_route=\/wp\/v2\/pages\/136","targetHints":{"allow":["GET"]}}],"collection":[{"href":"https:\/\/www.zur-linde-schmalenberg.de\/index.php?rest_route=\/wp\/v2\/pages"}],"about":[{"href":"https:\/\/www.zur-linde-schmalenberg.de\/index.php?rest_route=\/wp\/v2\/types\/page"}],"author":[{"embeddable":true,"href":"https:\/\/www.zur-linde-schmalenberg.de\/index.php?rest_route=\/wp\/v2\/users\/1"}],"replies":[{"embeddable":true,"href":"https:\/\/www.zur-linde-schmalenberg.de\/index.php?rest_route=%2Fwp%2Fv2%2Fcomments&post=136"}],"version-history":[{"count":14,"href":"https:\/\/www.zur-linde-schmalenberg.de\/index.php?rest_route=\/wp\/v2\/pages\/136\/revisions"}],"predecessor-version":[{"id":2966,"href":"https:\/\/www.zur-linde-schmalenberg.de\/index.php?rest_route=\/wp\/v2\/pages\/136\/revisions\/2966"}],"wp:attachment":[{"href":"https:\/\/www.zur-linde-schmalenberg.de\/index.php?rest_route=%2Fwp%2Fv2%2Fmedia&parent=136"}],"curies":[{"name":"wp","href":"https:\/\/api.w.org\/{rel}","templated":true}]}}