{"id":158,"date":"2018-11-03T22:24:40","date_gmt":"2018-11-03T21:24:40","guid":{"rendered":"https:\/\/www.zur-linde-schmalenberg.de\/?page_id=158"},"modified":"2026-03-26T16:23:03","modified_gmt":"2026-03-26T15:23:03","slug":"zum-abschluss","status":"publish","type":"page","link":"https:\/\/www.zur-linde-schmalenberg.de\/?page_id=158","title":{"rendered":"Zum Abschluss"},"content":{"rendered":"<table style=\"height: 682px; width: 64.7609%; border-collapse: collapse;\" border=\"0\" cellspacing=\"10\">\n<tbody>\n<tr style=\"height: 22px;\">\n<td style=\"width: 52.2464%; height: 22px;\"><span style=\"font-size: 18pt;\"><strong>Zum Abschluss<\/strong><\/span><\/td>\n<td style=\"width: 12.5163%; height: 22px; text-align: right;\"><\/td>\n<\/tr>\n<tr style=\"height: 22px;\">\n<td style=\"width: 52.2464%; height: 22px;\"><\/td>\n<td style=\"width: 12.5163%; height: 22px; text-align: right;\"><\/td>\n<\/tr>\n<tr style=\"height: 22px;\">\n<td style=\"width: 52.2464%; height: 22px;\"><strong><span style=\"font-size: 14pt;\">Gemischtes Eis<\/span><\/strong><\/td>\n<td style=\"width: 12.5163%; height: 22px; text-align: right;\">\u20ac 7,50<\/td>\n<\/tr>\n<tr style=\"height: 22px;\">\n<td style=\"width: 52.2464%; height: 22px;\">(jeweils 5 Kugeln Eis)<\/td>\n<td style=\"width: 12.5163%; height: 22px; text-align: right;\"><\/td>\n<\/tr>\n<tr style=\"height: 30px;\">\n<td style=\"width: 52.2464%; height: 22px;\"><\/td>\n<td style=\"width: 12.5163%; height: 22px; text-align: right;\"><\/td>\n<\/tr>\n<tr style=\"height: 22px;\">\n<td style=\"width: 52.2464%; height: 22px;\"><strong><span style=\"font-size: 14pt;\">Gemischtes Eis mit Sahne<\/span><\/strong><\/td>\n<td style=\"width: 12.5163%; height: 22px; text-align: right;\">\u20ac 8,50<\/td>\n<\/tr>\n<tr style=\"height: 30px;\">\n<td style=\"width: 52.2464%; height: 22px;\"><\/td>\n<td style=\"width: 12.5163%; height: 22px; text-align: right;\"><\/td>\n<\/tr>\n<tr style=\"height: 22px;\">\n<td style=\"width: 52.2464%; height: 22px;\"><span style=\"font-size: 14pt;\"><strong>5 Kugeln Vanilleeis mit Schlagsahne<\/strong><\/span><\/td>\n<td style=\"width: 12.5163%; height: 22px; text-align: right;\">\u20ac 9,00<\/td>\n<\/tr>\n<tr style=\"height: 22px;\">\n<td style=\"width: 52.2464%; height: 66px;\">und hei\u00dfen Himbeeren<\/p>\n<p>hei\u00dfer Schokoladensauce<\/p>\n<p>hei\u00dfen Schattenmorellen<\/td>\n<td style=\"width: 12.5163%; height: 66px; text-align: right;\"><\/td>\n<\/tr>\n<tr style=\"height: 30px;\">\n<td style=\"width: 52.2464%; height: 22px;\"><\/td>\n<td style=\"width: 12.5163%; height: 22px; text-align: right;\"><\/td>\n<\/tr>\n<tr style=\"height: 22px;\">\n<td style=\"width: 52.2464%; height: 22px;\"><span style=\"font-size: 14pt; color: #000000;\"><strong>&#8230;jeweils als kleinere Portion<\/strong><\/span><\/td>\n<td style=\"width: 12.5163%; height: 22px; text-align: right;\">\u20ac 7,50<\/td>\n<\/tr>\n<tr>\n<td style=\"width: 52.2464%;\">mit 3 Kugeln Vanilleeis und Sahne<\/td>\n<td style=\"width: 12.5163%; text-align: right;\"><\/td>\n<\/tr>\n<tr style=\"height: 44px;\">\n<td style=\"width: 52.2464%; height: 44px;\"><\/td>\n<td style=\"width: 12.5163%; height: 44px; text-align: right;\"><\/td>\n<\/tr>\n<tr style=\"height: 22px;\">\n<td style=\"width: 52.2464%; height: 22px;\"><span style=\"font-size: 14pt;\"><strong>Walnusseis M\u00f6venpick<\/strong><\/span><\/td>\n<td style=\"width: 12.5163%; height: 22px; text-align: right;\">\u20ac 9,50<\/td>\n<\/tr>\n<tr>\n<td style=\"width: 52.2464%;\">mit kandierten Waln\u00fcssen, Eierlik\u00f6r und Sahne<span style=\"font-size: 14pt;\"><strong><br \/>\n<\/strong><\/span><\/td>\n<td style=\"width: 12.5163%; text-align: right;\"><\/td>\n<\/tr>\n<tr style=\"height: 44px;\">\n<td style=\"width: 52.2464%; height: 44px;\"><span style=\"font-size: 14pt;\"><strong>Eisbecher &#8222;Nussini&#8220;<\/strong><\/span><\/td>\n<td style=\"width: 12.5163%; height: 44px; text-align: right;\">\u20ac 9,50<\/td>\n<\/tr>\n<tr style=\"height: 22px;\">\n<td style=\"width: 52.2464%; height: 22px;\">Nuss und Schokoladeneis mit verschiedenen N\u00fcssen, Bailey\u00b4s und Sahne<\/td>\n<td style=\"width: 12.5163%; height: 22px; text-align: right;\"><\/td>\n<\/tr>\n<tr style=\"height: 22px;\">\n<td style=\"width: 52.2464%; height: 22px;\"><\/td>\n<td style=\"width: 12.5163%; height: 22px; text-align: right;\"><\/td>\n<\/tr>\n<tr style=\"height: 22px;\">\n<td style=\"width: 52.2464%; height: 22px;\"><\/td>\n<td style=\"width: 12.5163%; height: 22px; text-align: right;\"><\/td>\n<\/tr>\n<tr style=\"height: 22px;\">\n<td style=\"width: 52.2464%; height: 22px;\"><\/td>\n<td style=\"width: 12.5163%; height: 22px; text-align: right;\"><\/td>\n<\/tr>\n<tr style=\"height: 30px;\">\n<td style=\"width: 52.2464%; height: 22px;\"><\/td>\n<td style=\"width: 12.5163%; height: 22px; text-align: right;\"><\/td>\n<\/tr>\n<tr style=\"height: 22px;\">\n<td style=\"width: 52.2464%; height: 22px;\"><\/td>\n<td style=\"width: 12.5163%; height: 22px; text-align: right;\"><\/td>\n<\/tr>\n<tr style=\"height: 22px;\">\n<td style=\"width: 52.2464%; height: 22px;\"><\/td>\n<td style=\"width: 12.5163%; height: 22px; text-align: right;\"><\/td>\n<\/tr>\n<tr style=\"height: 30px;\">\n<td style=\"width: 52.2464%; height: 22px;\"><\/td>\n<td style=\"width: 12.5163%; height: 22px; text-align: right;\"><\/td>\n<\/tr>\n<tr style=\"height: 22px;\">\n<td style=\"width: 52.2464%; height: 22px;\"><span style=\"font-size: 14pt;\"><strong>\u00a0<\/strong><\/span><\/td>\n<td style=\"width: 12.5163%; height: 22px; text-align: right;\"><\/td>\n<\/tr>\n<tr>\n<td style=\"width: 52.2464%;\"><span style=\"font-size: 14pt;\"><strong>\u00a0<\/strong><\/span><\/td>\n<td style=\"width: 12.5163%; text-align: right;\"><\/td>\n<\/tr>\n<tr style=\"height: 30px;\">\n<td style=\"width: 52.2464%;\"><\/td>\n<td style=\"width: 12.5163%; text-align: right;\"><\/td>\n<\/tr>\n<tr>\n<td style=\"width: 52.2464%;\"><\/td>\n<td style=\"width: 12.5163%; text-align: right;\"><\/td>\n<\/tr>\n<tr>\n<td style=\"width: 52.2464%;\"><\/td>\n<td style=\"width: 12.5163%; text-align: right;\"><\/td>\n<\/tr>\n<tr style=\"height: 30px;\">\n<td style=\"width: 52.2464%;\"><\/td>\n<td style=\"width: 12.5163%; text-align: right;\"><\/td>\n<\/tr>\n<tr>\n<td style=\"width: 52.2464%;\"><\/td>\n<td style=\"width: 12.5163%; text-align: right;\"><\/td>\n<\/tr>\n<tr>\n<td style=\"width: 52.2464%;\"><\/td>\n<td style=\"width: 12.5163%; text-align: right;\"><\/td>\n<\/tr>\n<tr style=\"height: 30px;\">\n<td style=\"width: 52.2464%;\"><\/td>\n<td style=\"width: 12.5163%; text-align: right;\"><\/td>\n<\/tr>\n<tr>\n<td style=\"width: 52.2464%;\"><\/td>\n<td style=\"width: 12.5163%; text-align: right;\"><\/td>\n<\/tr>\n<tr>\n<td style=\"width: 52.2464%;\"><\/td>\n<td style=\"width: 12.5163%; text-align: right;\"><\/td>\n<\/tr>\n<\/tbody>\n<\/table>\n","protected":false},"excerpt":{"rendered":"<p>Zum Abschluss Gemischtes Eis \u20ac 7,50 (jeweils 5 Kugeln Eis) Gemischtes Eis mit Sahne \u20ac 8,50 5 Kugeln Vanilleeis mit Schlagsahne \u20ac 9,00 und hei\u00dfen Himbeeren hei\u00dfer Schokoladensauce hei\u00dfen Schattenmorellen &#8230;jeweils als kleinere Portion \u20ac 7,50 mit 3 Kugeln Vanilleeis und Sahne Walnusseis M\u00f6venpick \u20ac 9,50 mit kandierten Waln\u00fcssen, Eierlik\u00f6r und Sahne Eisbecher &#8222;Nussini&#8220; \u20ac&hellip;<\/p>\n","protected":false},"author":1,"featured_media":0,"parent":0,"menu_order":0,"comment_status":"closed","ping_status":"closed","template":"","meta":[],"class_list":["post-158","page","type-page","status-publish","hentry","description-off"],"_links":{"self":[{"href":"https:\/\/www.zur-linde-schmalenberg.de\/index.php?rest_route=\/wp\/v2\/pages\/158","targetHints":{"allow":["GET"]}}],"collection":[{"href":"https:\/\/www.zur-linde-schmalenberg.de\/index.php?rest_route=\/wp\/v2\/pages"}],"about":[{"href":"https:\/\/www.zur-linde-schmalenberg.de\/index.php?rest_route=\/wp\/v2\/types\/page"}],"author":[{"embeddable":true,"href":"https:\/\/www.zur-linde-schmalenberg.de\/index.php?rest_route=\/wp\/v2\/users\/1"}],"replies":[{"embeddable":true,"href":"https:\/\/www.zur-linde-schmalenberg.de\/index.php?rest_route=%2Fwp%2Fv2%2Fcomments&post=158"}],"version-history":[{"count":15,"href":"https:\/\/www.zur-linde-schmalenberg.de\/index.php?rest_route=\/wp\/v2\/pages\/158\/revisions"}],"predecessor-version":[{"id":3091,"href":"https:\/\/www.zur-linde-schmalenberg.de\/index.php?rest_route=\/wp\/v2\/pages\/158\/revisions\/3091"}],"wp:attachment":[{"href":"https:\/\/www.zur-linde-schmalenberg.de\/index.php?rest_route=%2Fwp%2Fv2%2Fmedia&parent=158"}],"curies":[{"name":"wp","href":"https:\/\/api.w.org\/{rel}","templated":true}]}}