{"id":18,"date":"2018-11-02T16:26:28","date_gmt":"2018-11-02T15:26:28","guid":{"rendered":"https:\/\/www.zur-linde-schmalenberg.de\/?page_id=18"},"modified":"2020-03-21T12:05:55","modified_gmt":"2020-03-21T11:05:55","slug":"impressum","status":"publish","type":"page","link":"https:\/\/www.zur-linde-schmalenberg.de\/?page_id=18","title":{"rendered":"Impressum"},"content":{"rendered":"\t\t<div data-elementor-type=\"wp-post\" data-elementor-id=\"18\" class=\"elementor elementor-18\">\n\t\t\t\t\t\t<section class=\"elementor-section elementor-top-section elementor-element elementor-element-3ccaba46 elementor-section-boxed elementor-section-height-default elementor-section-height-default\" data-id=\"3ccaba46\" data-element_type=\"section\" data-e-type=\"section\">\n\t\t\t\t\t\t<div class=\"elementor-container elementor-column-gap-default\">\n\t\t\t\t\t<div class=\"elementor-column elementor-col-100 elementor-top-column elementor-element elementor-element-305e19df\" data-id=\"305e19df\" data-element_type=\"column\" data-e-type=\"column\">\n\t\t\t<div class=\"elementor-widget-wrap elementor-element-populated\">\n\t\t\t\t\t\t<div class=\"elementor-element elementor-element-53a2cd8a elementor-widget elementor-widget-text-editor\" data-id=\"53a2cd8a\" data-element_type=\"widget\" data-e-type=\"widget\" data-widget_type=\"text-editor.default\">\n\t\t\t\t<div class=\"elementor-widget-container\">\n\t\t\t\t\t\t\t\t\t<h2><span style=\"color: #333333;\">Impressum<\/span><\/h2><p><span style=\"color: #333333;\">Angaben gem\u00e4\u00df \u00a7 5 TMG:<\/span><\/p><p>\u00a0<\/p><p><span style=\"color: #333333;\">Stefanie Moser<\/span><br \/><span style=\"color: #333333;\">Hauptstra\u00dfe 49<\/span><br \/><span style=\"color: #333333;\">67718 Schmalenberg<\/span><\/p><p><span style=\"color: #333333;\">Vertreten durch:<\/span><br \/><span style=\"color: #333333;\">Stefanie Moser<\/span><\/p><p><span style=\"color: #333333;\"><strong>Kontakt:<\/strong><\/span><br \/><span style=\"color: #333333;\">Telefon: 06307-6086<\/span><br \/><span style=\"color: #333333;\">E-Mail: restaurant.zur-linde@t-online.de<br \/><br \/><\/span><\/p><p><span style=\"color: #333333;\"><strong>Gestaltung der Homepage:<\/strong><br \/>CWO Computer-Service<br \/>Christian Leiner<br \/>67716 Heltersberg<br \/>info@cwo-computer.com<br \/><br \/><\/span><\/p><h4><span style=\"color: #333333;\">Haftungsausschluss:<\/span><\/h4><h5><span style=\"color: #333333;\">Haftung f\u00fcr Inhalte<\/span><\/h5><p><span style=\"color: #333333;\">Die Inhalte unserer Seiten wurden mit gr\u00f6\u00dfter Sorgfalt erstellt. F\u00fcr die Richtigkeit, Vollst\u00e4ndigkeit und Aktualit\u00e4t der Inhalte k\u00f6nnen wir jedoch keine Gew\u00e4hr \u00fcbernehmen. Als Diensteanbieter sind wir gem\u00e4\u00df \u00a7 7 Abs.1 TMG f\u00fcr eigene Inhalte auf diesen Seiten nach den allgemeinen Gesetzen verantwortlich. Nach \u00a7\u00a7 8 bis 10 TMG sind wir als Diensteanbieter jedoch nicht verpflichtet, \u00fcbermittelte oder gespeicherte fremde Informationen zu \u00fcberwachen oder nach Umst\u00e4nden zu forschen, die auf eine rechtswidrige T\u00e4tigkeit hinweisen. Verpflichtungen zur Entfernung oder Sperrung der Nutzung von Informationen nach den allgemeinen Gesetzen bleiben hiervon unber\u00fchrt. Eine diesbez\u00fcgliche Haftung ist jedoch erst ab dem Zeitpunkt der Kenntnis einer konkreten Rechtsverletzung m\u00f6glich. Bei Bekanntwerden von entsprechenden Rechtsverletzungen werden wir diese Inhalte umgehend entfernen.<\/span><\/p><h5><span style=\"color: #333333;\">Haftung f\u00fcr Links<\/span><\/h5><p><span style=\"color: #333333;\">Unser Angebot enth\u00e4lt Links zu externen Webseiten Dritter, auf deren Inhalte wir keinen Einfluss haben. Deshalb k\u00f6nnen wir f\u00fcr diese fremden Inhalte auch keine Gew\u00e4hr \u00fcbernehmen. F\u00fcr die Inhalte der verlinkten Seiten ist stets der jeweilige Anbieter oder Betreiber der Seiten verantwortlich. Die verlinkten Seiten wurden zum Zeitpunkt der Verlinkung auf m\u00f6gliche Rechtsverst\u00f6\u00dfe \u00fcberpr\u00fcft. Rechtswidrige Inhalte waren zum Zeitpunkt der Verlinkung nicht erkennbar. Eine permanente inhaltliche Kontrolle der verlinkten Seiten ist jedoch ohne konkrete Anhaltspunkte einer Rechtsverletzung nicht zumutbar. Bei Bekanntwerden von Rechtsverletzungen werden wir derartige Links umgehend entfernen.<\/span><\/p><h5><span style=\"color: #333333;\">Datenschutz<\/span><\/h5><p><span style=\"color: #333333;\">Die Nutzung unserer Webseite ist in der Regel ohne Angabe personenbezogener Daten m\u00f6glich. Soweit auf unseren Seiten personenbezogene Daten (beispielsweise Name, Anschrift oder eMail-Adressen) erhoben werden, erfolgt dies, soweit m\u00f6glich, stets auf freiwilliger Basis. Diese Daten werden ohne Ihre ausdr\u00fcckliche Zustimmung nicht an Dritte weitergegeben.<\/span><br \/><span style=\"color: #333333;\">Wir weisen darauf hin, dass die Daten\u00fcbertragung im Internet (z.B. bei der Kommunikation per E-Mail) Sicherheitsl\u00fccken aufweisen kann. Ein l\u00fcckenloser Schutz der Daten vor dem Zugriff durch Dritte ist nicht m\u00f6glich.<\/span><br \/><span style=\"color: #333333;\">Der Nutzung von im Rahmen der Impressumspflicht ver\u00f6ffentlichten Kontaktdaten durch Dritte zur \u00dcbersendung von nicht ausdr\u00fccklich angeforderter Werbung und Informationsmaterialien wird hiermit ausdr\u00fccklich widersprochen. Die Betreiber der Seiten behalten sich ausdr\u00fccklich rechtliche Schritte im Falle der unverlangten Zusendung von Werbeinformationen, etwa durch Spam-Mails, vor.<\/span><\/p>\t\t\t\t\t\t\t\t<\/div>\n\t\t\t\t<\/div>\n\t\t\t\t\t<\/div>\n\t\t<\/div>\n\t\t\t\t\t<\/div>\n\t\t<\/section>\n\t\t\t\t<\/div>\n\t\t","protected":false},"excerpt":{"rendered":"<p>Impressum Angaben gem\u00e4\u00df \u00a7 5 TMG: \u00a0 Stefanie MoserHauptstra\u00dfe 4967718 Schmalenberg Vertreten durch:Stefanie Moser Kontakt:Telefon: 06307-6086E-Mail: restaurant.zur-linde@t-online.de Gestaltung der Homepage:CWO Computer-ServiceChristian Leiner67716 Heltersberginfo@cwo-computer.com Haftungsausschluss: Haftung f\u00fcr Inhalte Die Inhalte unserer Seiten wurden mit gr\u00f6\u00dfter Sorgfalt erstellt. F\u00fcr die Richtigkeit, Vollst\u00e4ndigkeit und Aktualit\u00e4t der Inhalte k\u00f6nnen wir jedoch keine Gew\u00e4hr \u00fcbernehmen. Als Diensteanbieter sind wir gem\u00e4\u00df&hellip;<\/p>\n","protected":false},"author":1,"featured_media":0,"parent":0,"menu_order":0,"comment_status":"closed","ping_status":"closed","template":"","meta":[],"class_list":["post-18","page","type-page","status-publish","hentry","description-off"],"_links":{"self":[{"href":"https:\/\/www.zur-linde-schmalenberg.de\/index.php?rest_route=\/wp\/v2\/pages\/18","targetHints":{"allow":["GET"]}}],"collection":[{"href":"https:\/\/www.zur-linde-schmalenberg.de\/index.php?rest_route=\/wp\/v2\/pages"}],"about":[{"href":"https:\/\/www.zur-linde-schmalenberg.de\/index.php?rest_route=\/wp\/v2\/types\/page"}],"author":[{"embeddable":true,"href":"https:\/\/www.zur-linde-schmalenberg.de\/index.php?rest_route=\/wp\/v2\/users\/1"}],"replies":[{"embeddable":true,"href":"https:\/\/www.zur-linde-schmalenberg.de\/index.php?rest_route=%2Fwp%2Fv2%2Fcomments&post=18"}],"version-history":[{"count":11,"href":"https:\/\/www.zur-linde-schmalenberg.de\/index.php?rest_route=\/wp\/v2\/pages\/18\/revisions"}],"predecessor-version":[{"id":1055,"href":"https:\/\/www.zur-linde-schmalenberg.de\/index.php?rest_route=\/wp\/v2\/pages\/18\/revisions\/1055"}],"wp:attachment":[{"href":"https:\/\/www.zur-linde-schmalenberg.de\/index.php?rest_route=%2Fwp%2Fv2%2Fmedia&parent=18"}],"curies":[{"name":"wp","href":"https:\/\/api.w.org\/{rel}","templated":true}]}}