{"id":2072,"date":"2021-12-13T15:07:55","date_gmt":"2021-12-13T14:07:55","guid":{"rendered":"https:\/\/www.zur-linde-schmalenberg.de\/?page_id=2072"},"modified":"2026-04-29T16:45:34","modified_gmt":"2026-04-29T14:45:34","slug":"startseite","status":"publish","type":"page","link":"https:\/\/www.zur-linde-schmalenberg.de\/","title":{"rendered":"Startseite"},"content":{"rendered":"<blockquote>\n<p style=\"padding-left: 40px;\"><span style=\"font-family: comic sans ms, sans-serif; font-size: 24pt;\">Willkommen im Gasthaus &#8222;Zur Linde&#8220;<\/span><\/p>\n<\/blockquote>\n<p>&nbsp;<\/p>\n<p><span style=\"font-family: comic sans ms, sans-serif; font-size: 12pt;\">Im Herzen des Pf\u00e4lzer Waldes, dessen Umgebung zu allen Jahreszeiten zu ausgedehnten Wanderungen und Radtouren einl\u00e4dt,<\/span><\/p>\n<p><span style=\"font-family: comic sans ms, sans-serif; font-size: 12pt;\">empfangen wir Sie in unserem Hause zum gem\u00fctlichen Verweilen in entspannter Atmosph\u00e4re. <\/span><\/p>\n<p><span style=\"font-family: comic sans ms, sans-serif; font-size: 12pt;\">Seit drei Generationen verw\u00f6hnen wir unsere G\u00e4ste mit traditioneller deutscher K\u00fcche, ausgesuchten Zutaten und herausragender Frische. <\/span><\/p>\n<p><span style=\"font-family: comic sans ms, sans-serif; font-size: 12pt;\">Seit 01.01.1998 f\u00fchren Thomas und Stefanie Moser das Gasthaus. <\/span><\/p>\n<p><span style=\"font-family: comic sans ms, sans-serif; font-size: 12pt;\">Beachten sie bitte unser 4 G\u00e4nge Sonntagsmen\u00fc, unseren Steakabend mit gro\u00dfem Salatb\u00fcffet und unser t\u00e4glich wechselndes Stammessen.<\/span><\/p>\n<p>&nbsp;<\/p>\n<h4><strong>Wir suchen ab sofort einfach &#8222;Jeden&#8220; der Lust hat zu Arbeiten, Zeit hat zu Arbeiten, Geld verdienen m\u00f6chte durch Arbeit. <\/strong><\/h4>\n<h4><strong>Minijob, 4-8 Stunden in der Woche, 14,60 \u20ac Stundenlohn&#8230;.\u00a0\u00a0<\/strong><\/h4>\n<p>&nbsp;<\/p>\n<p>Gerne k\u00f6nnen sie bei uns bargeldlos, mit EC Karte, bezahlen. Kreditkartenzahlungen sind leider nicht m\u00f6glich.<\/p>\n<p>We do not accept credit card payments, only EC cards.<\/p>\n<p>&nbsp;<\/p>\n<h1><span style=\"color: #000000;\"><em><strong>\u00d6ffnungszeiten:<\/strong><\/em><\/span><\/h1>\n<h2>Am Freitag 01.05.2026 haben wir nicht ge\u00f6ffnet<\/h2>\n<table>\n<tbody>\n<tr>\n<td width=\"150\"><span style=\"color: #000000;\">Mittwoch \u2013 Donnerstag<\/span><\/td>\n<td width=\"130\"><span style=\"color: #000000;\">11.30 Uhr \u2013 13.30 Uhr<\/span><\/td>\n<td width=\"50\"><span style=\"color: #000000;\">und<\/span><\/td>\n<td width=\"172\"><span style=\"color: #000000;\">17.30 Uhr \u2013 21.30 Uhr<\/span><\/td>\n<\/tr>\n<tr>\n<td width=\"150\"><span style=\"color: #000000;\">Freitag<\/span><\/td>\n<td width=\"130\"><span style=\"color: #000000;\">17.30 Uhr \u2013 21.30 Uhr<\/span><\/td>\n<td colspan=\"2\" width=\"247\"><\/td>\n<\/tr>\n<tr>\n<td width=\"150\"><span style=\"color: #000000;\">Samstag<\/span><\/td>\n<td width=\"130\"><span style=\"color: #000000;\">17.30 Uhr \u2013 21.30 Uhr<\/span><\/td>\n<td colspan=\"2\" width=\"247\"><\/td>\n<\/tr>\n<tr>\n<td width=\"150\"><span style=\"color: #000000;\">Sonntag<\/span><\/td>\n<td width=\"130\"><span style=\"color: #000000;\">11.30 Uhr \u2013 14.30 Uhr<\/span><\/td>\n<td width=\"55\"><\/td>\n<td width=\"172\"><span style=\"color: #000000;\">\u00a0<\/span><\/td>\n<\/tr>\n<\/tbody>\n<\/table>\n","protected":false},"excerpt":{"rendered":"<p>Willkommen im Gasthaus &#8222;Zur Linde&#8220; &nbsp; Im Herzen des Pf\u00e4lzer Waldes, dessen Umgebung zu allen Jahreszeiten zu ausgedehnten Wanderungen und Radtouren einl\u00e4dt, empfangen wir Sie in unserem Hause zum gem\u00fctlichen Verweilen in entspannter Atmosph\u00e4re. Seit drei Generationen verw\u00f6hnen wir unsere G\u00e4ste mit traditioneller deutscher K\u00fcche, ausgesuchten Zutaten und herausragender Frische. Seit 01.01.1998 f\u00fchren Thomas und&hellip;<\/p>\n","protected":false},"author":1,"featured_media":0,"parent":0,"menu_order":0,"comment_status":"closed","ping_status":"closed","template":"","meta":[],"class_list":["post-2072","page","type-page","status-publish","hentry","description-off"],"_links":{"self":[{"href":"https:\/\/www.zur-linde-schmalenberg.de\/index.php?rest_route=\/wp\/v2\/pages\/2072","targetHints":{"allow":["GET"]}}],"collection":[{"href":"https:\/\/www.zur-linde-schmalenberg.de\/index.php?rest_route=\/wp\/v2\/pages"}],"about":[{"href":"https:\/\/www.zur-linde-schmalenberg.de\/index.php?rest_route=\/wp\/v2\/types\/page"}],"author":[{"embeddable":true,"href":"https:\/\/www.zur-linde-schmalenberg.de\/index.php?rest_route=\/wp\/v2\/users\/1"}],"replies":[{"embeddable":true,"href":"https:\/\/www.zur-linde-schmalenberg.de\/index.php?rest_route=%2Fwp%2Fv2%2Fcomments&post=2072"}],"version-history":[{"count":180,"href":"https:\/\/www.zur-linde-schmalenberg.de\/index.php?rest_route=\/wp\/v2\/pages\/2072\/revisions"}],"predecessor-version":[{"id":3111,"href":"https:\/\/www.zur-linde-schmalenberg.de\/index.php?rest_route=\/wp\/v2\/pages\/2072\/revisions\/3111"}],"wp:attachment":[{"href":"https:\/\/www.zur-linde-schmalenberg.de\/index.php?rest_route=%2Fwp%2Fv2%2Fmedia&parent=2072"}],"curies":[{"name":"wp","href":"https:\/\/api.w.org\/{rel}","templated":true}]}}