{"id":2101,"date":"2021-12-20T13:00:52","date_gmt":"2021-12-20T12:00:52","guid":{"rendered":"https:\/\/www.zur-linde-schmalenberg.de\/?page_id=2101"},"modified":"2026-04-17T15:31:13","modified_gmt":"2026-04-17T13:31:13","slug":"tageskarte","status":"publish","type":"page","link":"https:\/\/www.zur-linde-schmalenberg.de\/?page_id=2101","title":{"rendered":"Tageskarte"},"content":{"rendered":"<table style=\"width: 79.1657%; border-collapse: collapse; height: 431px;\" border=\"0\" cellspacing=\"10\">\n<tbody>\n<tr style=\"height: 25px;\">\n<td style=\"width: 100%; text-align: center; height: 25px;\">\n<table border=\"0\" cellspacing=\"10\">\n<tbody>\n<tr>\n<td>\n<table style=\"width: 100%; height: 397px;\" border=\"0\" cellspacing=\"10\">\n<tbody>\n<tr style=\"height: 22px;\">\n<td style=\"height: 22px; width: 100%;\"><\/td>\n<\/tr>\n<tr style=\"height: 22px;\">\n<td style=\"height: 22px; width: 100%;\"><strong>22.04.2026 &#8211; 23.04.2026<\/strong><\/td>\n<\/tr>\n<tr style=\"height: 22px;\">\n<td style=\"height: 22px; width: 100%;\"><strong>Tagesessen \u20ac 13,80<br \/>\n<\/strong><strong>ab 11.30 Uhr solange Vorrat reicht!<\/strong><\/td>\n<\/tr>\n<tr style=\"height: 22px;\">\n<td style=\"height: 22px; width: 100%;\"><\/td>\n<\/tr>\n<tr style=\"height: 22px;\">\n<td style=\"height: 69px; width: 100%;\">&nbsp;<\/p>\n<p><strong>Mittwoch, 22.04.2026<\/strong><\/td>\n<\/tr>\n<tr style=\"height: 22px;\">\n<td style=\"height: 73px; width: 100%;\"><strong>Tagessuppe <\/strong><\/p>\n<p><strong>Geschnetzelte H\u00e4hnchenbrust in Curryrahmsauce,<\/strong><\/p>\n<p><strong>Mandelreis und ein Salat<\/strong><\/p>\n<p><strong>Kaffeepannacotta<\/strong><\/td>\n<\/tr>\n<tr style=\"height: 64px;\">\n<td style=\"height: 13px; width: 100%;\">&nbsp;<\/p>\n<p><strong>Donnerstag, 23.04.2026<\/strong><\/td>\n<\/tr>\n<tr style=\"height: 22px;\">\n<td style=\"height: 22px; width: 100%;\"><strong>Tagessuppe<\/strong><\/p>\n<p><strong>Schw\u00e4bisches Sp\u00e4tzleomelette mit Schinken, <\/strong><\/p>\n<p><strong>Zwiebeln und Ei, Salat<\/strong><\/p>\n<p>&nbsp;<\/td>\n<\/tr>\n<tr style=\"height: 22px;\">\n<td style=\"height: 22px; width: 100%;\"><\/td>\n<\/tr>\n<tr style=\"height: 22px;\">\n<td style=\"height: 22px; width: 100%;\"><\/td>\n<\/tr>\n<tr style=\"height: 22px;\">\n<td style=\"height: 22px; width: 100%;\"><\/td>\n<\/tr>\n<tr style=\"height: 22px;\">\n<td style=\"height: 22px; width: 100%;\"><strong>\u00a0<\/strong><\/td>\n<\/tr>\n<tr style=\"height: 22px;\">\n<td style=\"height: 22px; width: 100%;\"><\/td>\n<\/tr>\n<tr style=\"height: 22px;\">\n<td style=\"height: 22px; width: 100%;\"><strong>\u00a0<\/strong><\/td>\n<\/tr>\n<\/tbody>\n<\/table>\n<\/td>\n<\/tr>\n<\/tbody>\n<\/table>\n<\/td>\n<\/tr>\n<\/tbody>\n<\/table>\n","protected":false},"excerpt":{"rendered":"<p>22.04.2026 &#8211; 23.04.2026 Tagesessen \u20ac 13,80 ab 11.30 Uhr solange Vorrat reicht! &nbsp; Mittwoch, 22.04.2026 Tagessuppe Geschnetzelte H\u00e4hnchenbrust in Curryrahmsauce, Mandelreis und ein Salat Kaffeepannacotta &nbsp; Donnerstag, 23.04.2026 Tagessuppe Schw\u00e4bisches Sp\u00e4tzleomelette mit Schinken, Zwiebeln und Ei, Salat &nbsp; \u00a0 \u00a0<\/p>\n","protected":false},"author":1,"featured_media":0,"parent":0,"menu_order":0,"comment_status":"closed","ping_status":"closed","template":"","meta":[],"class_list":["post-2101","page","type-page","status-publish","hentry","description-off"],"_links":{"self":[{"href":"https:\/\/www.zur-linde-schmalenberg.de\/index.php?rest_route=\/wp\/v2\/pages\/2101","targetHints":{"allow":["GET"]}}],"collection":[{"href":"https:\/\/www.zur-linde-schmalenberg.de\/index.php?rest_route=\/wp\/v2\/pages"}],"about":[{"href":"https:\/\/www.zur-linde-schmalenberg.de\/index.php?rest_route=\/wp\/v2\/types\/page"}],"author":[{"embeddable":true,"href":"https:\/\/www.zur-linde-schmalenberg.de\/index.php?rest_route=\/wp\/v2\/users\/1"}],"replies":[{"embeddable":true,"href":"https:\/\/www.zur-linde-schmalenberg.de\/index.php?rest_route=%2Fwp%2Fv2%2Fcomments&post=2101"}],"version-history":[{"count":219,"href":"https:\/\/www.zur-linde-schmalenberg.de\/index.php?rest_route=\/wp\/v2\/pages\/2101\/revisions"}],"predecessor-version":[{"id":3106,"href":"https:\/\/www.zur-linde-schmalenberg.de\/index.php?rest_route=\/wp\/v2\/pages\/2101\/revisions\/3106"}],"wp:attachment":[{"href":"https:\/\/www.zur-linde-schmalenberg.de\/index.php?rest_route=%2Fwp%2Fv2%2Fmedia&parent=2101"}],"curies":[{"name":"wp","href":"https:\/\/api.w.org\/{rel}","templated":true}]}}