{"id":71,"date":"2018-11-03T13:34:33","date_gmt":"2018-11-03T12:34:33","guid":{"rendered":"https:\/\/www.zur-linde-schmalenberg.de\/?page_id=71"},"modified":"2025-08-09T15:12:54","modified_gmt":"2025-08-09T13:12:54","slug":"fisch","status":"publish","type":"page","link":"https:\/\/www.zur-linde-schmalenberg.de\/?page_id=71","title":{"rendered":"Fisch"},"content":{"rendered":"\r\n<figure class=\"wp-block-table\">\r\n<table style=\"width: 93.7578%; height: 311px;\">\r\n<tbody>\r\n<tr style=\"height: 25px;\">\r\n<td style=\"width: 78.0899%; height: 25px;\"><span style=\"font-size: 18pt;\"><strong>Fisch<\/strong><\/span><\/td>\r\n<td style=\"width: 15.5018%; height: 25px;\">\r\n<div align=\"right\">\u00a0<\/div>\r\n<\/td>\r\n<\/tr>\r\n<tr style=\"height: 22px;\">\r\n<td style=\"width: 78.0899%; height: 22px;\">\u00a0<\/td>\r\n<td style=\"width: 15.5018%; height: 22px;\">\r\n<div align=\"right\">\u00a0<\/div>\r\n<\/td>\r\n<\/tr>\r\n<tr style=\"height: 23px;\">\r\n<td style=\"width: 78.0899%; height: 23px;\"><span style=\"font-size: 14pt;\"><strong>Lachsschnitte<\/strong><\/span><\/td>\r\n<td style=\"width: 15.5018%; height: 23px;\">\r\n<div align=\"right\">\u20ac 26,80<\/div>\r\n<\/td>\r\n<\/tr>\r\n<tr style=\"height: 22px;\">\r\n<td style=\"width: 78.0899%; height: 22px;\">in Butter gebratene Lachsschnitte an Hummerbuttersauce, Reis und ein Salat<\/td>\r\n<td style=\"width: 15.5018%; height: 22px;\">\r\n<div align=\"right\">\u00a0<\/div>\r\n<\/td>\r\n<\/tr>\r\n<tr style=\"height: 23px;\">\r\n<td style=\"width: 78.0899%; height: 23px;\"><span style=\"font-size: 14pt;\"><strong>Fischteller<\/strong><\/span><\/td>\r\n<td style=\"width: 15.5018%; height: 23px;\">\u00a0<\/td>\r\n<\/tr>\r\n<tr style=\"height: 54px;\">\r\n<td style=\"width: 78.0899%; height: 54px;\">\r\n<p>mit gegrilltem Lachsmedaillon, Atlantikzungenfilet, einem Garnelenspie\u00df und frittierten Tintenfischringen, gr\u00fcn-wei\u00dfe\u00a0 Bandnudeln und Salat<\/p>\r\n<\/td>\r\n<td style=\"width: 15.5018%; height: 54px;\">\r\n<div align=\"right\">\u20ac 27,80<\/div>\r\n<\/td>\r\n<\/tr>\r\n<tr style=\"height: 22px;\">\r\n<td style=\"width: 78.0899%; height: 22px;\">\u00a0<\/td>\r\n<td style=\"width: 15.5018%; height: 22px;\">\u00a0<\/td>\r\n<\/tr>\r\n<tr style=\"height: 22px;\">\r\n<td style=\"width: 78.0899%; height: 22px;\">\u00a0<\/td>\r\n<td style=\"width: 15.5018%; height: 22px;\">\u00a0<\/td>\r\n<\/tr>\r\n<tr style=\"height: 22px;\">\r\n<td style=\"width: 78.0899%; height: 22px;\">\u00a0<\/td>\r\n<td style=\"width: 15.5018%; height: 22px;\">\r\n<div align=\"right\">\u00a0<\/div>\r\n<\/td>\r\n<\/tr>\r\n<tr style=\"height: 22px;\">\r\n<td style=\"width: 78.0899%; height: 22px;\">\u00a0<\/td>\r\n<td style=\"width: 15.5018%; height: 22px;\">\r\n<div align=\"right\">\u00a0<\/div>\r\n<\/td>\r\n<\/tr>\r\n<tr style=\"height: 22px;\">\r\n<td style=\"width: 78.0899%; height: 22px;\">\u00a0<\/td>\r\n<td style=\"width: 15.5018%; height: 22px;\">\u00a0<\/td>\r\n<\/tr>\r\n<tr style=\"height: 22px;\">\r\n<td style=\"width: 78.0899%; height: 22px;\">\u00a0<\/td>\r\n<td style=\"width: 15.5018%; height: 22px;\">\u00a0<\/td>\r\n<\/tr>\r\n<tr style=\"height: 10px;\">\r\n<td style=\"width: 78.0899%; height: 10px;\">\u00a0<\/td>\r\n<td style=\"width: 15.5018%; height: 10px;\">\r\n<div align=\"right\">\u00a0<\/div>\r\n<\/td>\r\n<\/tr>\r\n<\/tbody>\r\n<\/table>\r\n<\/figure>\r\n","protected":false},"excerpt":{"rendered":"<p>Fisch \u00a0 \u00a0 \u00a0 Lachsschnitte \u20ac 26,80 in Butter gebratene Lachsschnitte an Hummerbuttersauce, Reis und ein Salat \u00a0 Fischteller \u00a0 mit gegrilltem Lachsmedaillon, Atlantikzungenfilet, einem Garnelenspie\u00df und frittierten Tintenfischringen, gr\u00fcn-wei\u00dfe\u00a0 Bandnudeln und Salat \u20ac 27,80 \u00a0 \u00a0 \u00a0 \u00a0 \u00a0 \u00a0 \u00a0 \u00a0 \u00a0 \u00a0 \u00a0 \u00a0 \u00a0 \u00a0<\/p>\n","protected":false},"author":1,"featured_media":0,"parent":0,"menu_order":0,"comment_status":"closed","ping_status":"closed","template":"","meta":[],"class_list":["post-71","page","type-page","status-publish","hentry","description-off"],"_links":{"self":[{"href":"https:\/\/www.zur-linde-schmalenberg.de\/index.php?rest_route=\/wp\/v2\/pages\/71","targetHints":{"allow":["GET"]}}],"collection":[{"href":"https:\/\/www.zur-linde-schmalenberg.de\/index.php?rest_route=\/wp\/v2\/pages"}],"about":[{"href":"https:\/\/www.zur-linde-schmalenberg.de\/index.php?rest_route=\/wp\/v2\/types\/page"}],"author":[{"embeddable":true,"href":"https:\/\/www.zur-linde-schmalenberg.de\/index.php?rest_route=\/wp\/v2\/users\/1"}],"replies":[{"embeddable":true,"href":"https:\/\/www.zur-linde-schmalenberg.de\/index.php?rest_route=%2Fwp%2Fv2%2Fcomments&post=71"}],"version-history":[{"count":25,"href":"https:\/\/www.zur-linde-schmalenberg.de\/index.php?rest_route=\/wp\/v2\/pages\/71\/revisions"}],"predecessor-version":[{"id":2972,"href":"https:\/\/www.zur-linde-schmalenberg.de\/index.php?rest_route=\/wp\/v2\/pages\/71\/revisions\/2972"}],"wp:attachment":[{"href":"https:\/\/www.zur-linde-schmalenberg.de\/index.php?rest_route=%2Fwp%2Fv2%2Fmedia&parent=71"}],"curies":[{"name":"wp","href":"https:\/\/api.w.org\/{rel}","templated":true}]}}